{"id":3267,"date":"2021-04-30T13:57:48","date_gmt":"2021-04-30T11:57:48","guid":{"rendered":"https:\/\/www.bluegreenmedical.com\/nota-legal\/"},"modified":"2022-05-05T11:12:44","modified_gmt":"2022-05-05T09:12:44","slug":"nota-legal","status":"publish","type":"page","link":"https:\/\/www.bluegreenmedical.com\/es\/nota-legal\/","title":{"rendered":"Nota Legal"},"content":{"rendered":"<div class=\"fusion-fullwidth fullwidth-box fusion-builder-row-1 fusion-flex-container nonhundred-percent-fullwidth non-hundred-percent-height-scrolling\" style=\"--awb-border-radius-top-left:0px;--awb-border-radius-top-right:0px;--awb-border-radius-bottom-right:0px;--awb-border-radius-bottom-left:0px;--awb-padding-top:80px;--awb-padding-bottom:50px;--awb-padding-right-medium:43px;--awb-padding-left-medium:43px;--awb-padding-right-small:15px;--awb-padding-left-small:15px;--awb-flex-wrap:wrap;\" ><div class=\"fusion-builder-row fusion-row fusion-flex-align-items-flex-start fusion-flex-content-wrap\" style=\"max-width:1144px;margin-left: calc(-4% \/ 2 );margin-right: calc(-4% \/ 2 );\"><div class=\"fusion-layout-column fusion_builder_column fusion-builder-column-0 fusion_builder_column_1_1 1_1 fusion-flex-column\" style=\"--awb-bg-size:cover;--awb-width-large:100%;--awb-margin-top-large:0px;--awb-spacing-right-large:1.92%;--awb-margin-bottom-large:0px;--awb-spacing-left-large:1.92%;--awb-width-medium:100%;--awb-spacing-right-medium:1.92%;--awb-spacing-left-medium:1.92%;--awb-width-small:100%;--awb-spacing-right-small:1.92%;--awb-spacing-left-small:1.92%;\"><div class=\"fusion-column-wrapper fusion-flex-justify-content-flex-start fusion-content-layout-column\"><div class=\"fusion-text fusion-text-1\"><h2>\u00cdNDICE<\/h2>\n<\/div><ul style=\"--awb-line-height:27.2px;--awb-icon-width:27.2px;--awb-icon-height:27.2px;--awb-icon-margin:11.2px;--awb-content-margin:38.4px;\" class=\"fusion-checklist fusion-checklist-1 fusion-checklist-default type-icons\"><li class=\"fusion-li-item\" style=\"\"><span class=\"icon-wrapper circle-no\"><i class=\"fusion-li-icon awb-icon-check\" aria-hidden=\"true\"><\/i><\/span><div class=\"fusion-li-item-content\">DATOS IDENTIFICATIVOS<\/div><\/li><li class=\"fusion-li-item\" style=\"\"><span class=\"icon-wrapper circle-no\"><i class=\"fusion-li-icon awb-icon-check\" aria-hidden=\"true\"><\/i><\/span><div class=\"fusion-li-item-content\">OBJETO Y \u00c1MBITO DE APLICACI\u00d3N<\/div><\/li><li class=\"fusion-li-item\" style=\"\"><span class=\"icon-wrapper circle-no\"><i class=\"fusion-li-icon awb-icon-check\" aria-hidden=\"true\"><\/i><\/span><div class=\"fusion-li-item-content\">UTILIZACI\u00d3N DE LA P\u00c1GINA Y LIMITACIONES DE USO<\/div><\/li><li class=\"fusion-li-item\" style=\"\"><span class=\"icon-wrapper circle-no\"><i class=\"fusion-li-icon awb-icon-check\" aria-hidden=\"true\"><\/i><\/span><div class=\"fusion-li-item-content\">PROTECCI\u00d3N DE DATOS<\/div><\/li><li class=\"fusion-li-item\" style=\"\"><span class=\"icon-wrapper circle-no\"><i class=\"fusion-li-icon awb-icon-check\" aria-hidden=\"true\"><\/i><\/span><div class=\"fusion-li-item-content\">UTILIZACI\u00d3N DE COOKIES<\/div><\/li><li class=\"fusion-li-item\" style=\"\"><span class=\"icon-wrapper circle-no\"><i class=\"fusion-li-icon awb-icon-check\" aria-hidden=\"true\"><\/i><\/span><div class=\"fusion-li-item-content\">PROPIEDAD INTELECTUAL E INDUSTRIAL<\/div><\/li><li class=\"fusion-li-item\" style=\"\"><span class=\"icon-wrapper circle-no\"><i class=\"fusion-li-icon awb-icon-check\" aria-hidden=\"true\"><\/i><\/span><div class=\"fusion-li-item-content\">EXCLUSI\u00d3N DE GARANT\u00cdAS Y RESPONSABILIDAD<\/div><\/li><li class=\"fusion-li-item\" style=\"\"><span class=\"icon-wrapper circle-no\"><i class=\"fusion-li-icon awb-icon-check\" aria-hidden=\"true\"><\/i><\/span><div class=\"fusion-li-item-content\">MODIFICACIONES<\/div><\/li><li class=\"fusion-li-item\" style=\"\"><span class=\"icon-wrapper circle-no\"><i class=\"fusion-li-icon awb-icon-check\" aria-hidden=\"true\"><\/i><\/span><div class=\"fusion-li-item-content\">ENLACES<\/div><\/li><li class=\"fusion-li-item\" style=\"\"><span class=\"icon-wrapper circle-no\"><i class=\"fusion-li-icon awb-icon-check\" aria-hidden=\"true\"><\/i><\/span><div class=\"fusion-li-item-content\">DERECHO DE EXCLUSI\u00d3N<\/div><\/li><li class=\"fusion-li-item\" style=\"\"><span class=\"icon-wrapper circle-no\"><i class=\"fusion-li-icon awb-icon-check\" aria-hidden=\"true\"><\/i><\/span><div class=\"fusion-li-item-content\">LEGISLACI\u00d3N APLICABLE Y JURISDICCI\u00d3N<\/div><\/li><\/ul><div class=\"fusion-text fusion-text-2\"><h3>DATOS IDENTIFICATIVOS<\/h3>\n<p>BLUE GREEN MEDICAL, S.L. , es una entidad mercantil provista de C\u00f3digo de Identificaci\u00f3n<br \/>\nFiscal N\u00famero B 54827902 y cuyo domicilio social se encuentra en c\/ Cruz de Piedra n\u00ba 8, CP<br \/>\n03015. Alicante (Spain).<br \/>\nA los efectos del presente Aviso legal, tendr\u00e1 la consideraci\u00f3n de Usuario la persona f\u00edsica o<br \/>\njur\u00eddica que accede a la p\u00e1gina para informarse y hacer uso de los servicios ofertados a trav\u00e9s<br \/>\ndel portal.<\/p>\n<\/div><div class=\"fusion-text fusion-text-3\"><h3>OBJETO Y \u00c1MBITO DE APLICACI\u00d3N<\/h3>\n<p>Estas son las condiciones generales (en adelante \u201ccondiciones generales\u201d) que regulan el<br \/>\nacceso, navegaci\u00f3n y uso de la web bajo el dominio www.bluegreenmedical.com (en adelante,<br \/>\nSitio Web), as\u00ed como las responsabilidades derivadas del uso de sus contenidos (entendiendo<br \/>\nen adelante por \u201ccontenidos\u201d los textos, gr\u00e1ficos, dibujos, dise\u00f1os, c\u00f3digos, software,<br \/>\nfotograf\u00edas, videos, sonidos, bases de datos, im\u00e1genes, expresiones e informaciones, as\u00ed como<br \/>\ncualquier otra creaci\u00f3n protegida por las leyes nacionales y los tratados internacionales sobre<br \/>\npropiedad intelectual e industrial). No obstante, BLUE GREEN MEDICAL, S.L. , podr\u00e1 establecer<br \/>\ncondiciones particulares que regulen la utilizaci\u00f3n y\/o contrataci\u00f3n de bienes y servicios<br \/>\nespec\u00edficos ofrecidos a los Usuarios a trav\u00e9s del Sitio Web.<\/p>\n<p>Antes de utilizar el Sitio Web el Usuario deber\u00e1 leer atentamente las correspondientes<br \/>\ncondiciones particulares establecidas a tal efecto por BLUE GREEN MEDICAL, S.L. .<\/p>\n<p>Mediante la utilizaci\u00f3n del presente portal el usuario acepta expresamente todas y cada una<br \/>\nde las presentes condiciones generales, as\u00ed como todas aquellas condiciones particulares<br \/>\nrecogidas para la utilizaci\u00f3n de determinados servicios. En caso de no aceptar las presentes<br \/>\nCondiciones Generales de Uso, deber\u00e1 abstenerse de acceder y\/o utilizar los contenidos<br \/>\nofertados. Las presentes condiciones generales de uso regulan el uso gen\u00e9rico del portal por<br \/>\nparte del Usuario. El Usuario tendr\u00e1 la posibilidad de visualizar e imprimir las mencionadas<br \/>\ncondiciones. El Usuario debe leer atentamente las presentes Condiciones Generales de Uso en<br \/>\ncada una de las ocasiones en que se proponga utilizar la p\u00e1gina Web, ya que aqu\u00e9llas pueden<br \/>\nsufrir modificaciones.<\/p>\n<p>Se entender\u00e1 que el acceso o la mera utilizaci\u00f3n del Sitio Web por parte del Usuario implica la<br \/>\nadhesi\u00f3n de \u00e9ste a las condiciones generales que BLUE GREEN MEDICAL, S.L. , tenga<br \/>\npublicadas en cada momento en el que acceda al Sitio Web y que estar\u00e1n disponibles en todo<br \/>\nmomento para los usuarios.<\/p>\n<\/div><div class=\"fusion-text fusion-text-4\"><h3>UTILIZACI\u00d3N DE LA P\u00c1GINA Y LIMITACIONES DE USO<\/h3>\n<p>Los contenidos incluidos en el Sitio Web se facilitan \u00fanicamente a consumidores o usuarios<br \/>\nfinales. Cualquier uso comercial no autorizado de los mismos, o su reventa, quedan prohibidos,<br \/>\nsalvo que se cuente con la previa autorizaci\u00f3n escrita de BLUE GREEN MEDICAL, S.L. .<\/p>\n<p>Si para la utilizaci\u00f3n y\/o contrataci\u00f3n de un servicio en el Sitio Web, el Usuario debiera<br \/>\nproceder a su registro, \u00e9ste ser\u00e1 responsable de aportar informaci\u00f3n veraz y l\u00edcita.<\/p>\n<p>El acceso, navegaci\u00f3n y uso del Sitio Web es responsabilidad del Usuario, por lo que \u00e9ste se<br \/>\ncompromete a observar diligente y fielmente cualquier instrucci\u00f3n adicional dada por BLUE<br \/>\nGREEN MEDICAL, S.L. , o por el personal autorizado de BLUE GREEN MEDICAL, S.L. , relativa al<br \/>\nuso del Sitio Web y de sus contenidos. BLUE GREEN MEDICAL, S.L. , no comparte<br \/>\nnecesariamente las opiniones de los Usuarios y en ning\u00fan caso se har\u00e1 responsable de ellas.<\/p>\n<p>Por tanto, el Usuario se obliga a usar los contenidos de forma diligente, correcta y l\u00edcita<br \/>\ny, en particular, se compromete a abstenerse de:<\/p>\n<p>\u2022 Utilizar los contenidos con fines o efectos contrarios a la ley, a la moral y a las buenas<br \/>\ncostumbres generalmente aceptadas o al orden p\u00fablico.<\/p>\n<p>\u2022 Reproducir o copiar, distribuir, permitir el acceso del p\u00fablico a trav\u00e9s de cualquier<br \/>\nmodalidad de comunicaci\u00f3n p\u00fablica, transformar o modificar los contenidos, a menos que<br \/>\ncuente con la autorizaci\u00f3n del titular de los correspondientes derechos o ello resulte<br \/>\nlegalmente permitido.<\/p>\n<p>\u2022 Emplear los contenidos y en particular la informaci\u00f3n de cualquier clase obtenida a<br \/>\ntrav\u00e9s de la p\u00e1gina o de los servicios para remitir publicidad, comunicaciones con fines de<br \/>\nventa directa o con cualquier otra clase de finalidad comercial, mensajes no solicitados<br \/>\ndirigidos a una pluralidad de personas con independencia de su finalidad, as\u00ed como a<br \/>\nabstenerse de comercializar o divulgar de cualquier modo dicha informaci\u00f3n.<\/p>\n<p>\u2022 Suprimir, eludir o manipular el \u201ccopyright\u201d y dem\u00e1s datos identificativos de los<br \/>\nderechos de sus titulares incorporados a los contenidos, as\u00ed como los dispositivos t\u00e9cnicos de<br \/>\nprotecci\u00f3n, o cualesquiera mecanismos de informaci\u00f3n que pudieren contener los contenidos.<\/p>\n<\/div><div class=\"fusion-text fusion-text-5\"><h3>PROTECCI\u00d3N DE DATOS<\/h3>\n<p>BLUE GREEN MEDICAL, S.L. , cumple con las directrices del Reglamento (UE) 2016\/679 del<br \/>\nParlamento Europeo y del Consejo de 27 de abril de 2016 relativo a la protecci\u00f3n de las<br \/>\npersonas f\u00edsicas en lo que respecta al tratamiento de datos personales y a la libre circulaci\u00f3n<br \/>\nde estos datos y por el que se deroga la Directiva 95\/46\/CE y vela por garantizar un correcto<br \/>\nuso y tratamiento de los datos personales del usuario.<\/p>\n<p>Para ello, junto a cada formulario de recogida de datos de car\u00e1cter personal, en los servicios<br \/>\nque el Usuario pueda solicitar a BLUE GREEN MEDICAL, S.L. , se har\u00e1 saber al Usuario de la<br \/>\nexistencia y aceptaci\u00f3n de las condiciones particulares del tratamiento de sus datos en cada<br \/>\ncaso, inform\u00e1ndole de la responsabilidad del fichero creado, la direcci\u00f3n del responsable, la<br \/>\nposibilidad de ejercer sus derechos de acceso, rectificaci\u00f3n, supresi\u00f3n, limitaci\u00f3n de<br \/>\ntratamiento, portabilidad u oposici\u00f3n, la finalidad del tratamiento y las comunicaciones de<br \/>\ndatos a terceros en su caso. Asimismo, BLUE GREEN MEDICAL, S.L. , informa que da<br \/>\ncumplimiento a la Ley 34\/2002 de 11 de julio, de Servicios de la Sociedad de la Informaci\u00f3n y el<br \/>\nComercio Electr\u00f3nico y a lo dispuesto en el Reglamento General de Protecci\u00f3n de Datos. y le<br \/>\nsolicitar\u00e1 su consentimiento al tratamiento de su correo electr\u00f3nico con fines comerciales en<br \/>\ncada momento.<\/p>\n<\/div><div class=\"fusion-text fusion-text-6\"><h3>UTILIZACI\u00d3N DE COOKIES<\/h3>\n<p>BLUE GREEN MEDICAL, S.L. informa que tiene instaladas cookies en sus sistemas. Las cookies<br \/>\nson peque\u00f1os archivos de texto que almacena el navegador en el disco duro de su ordenador.<br \/>\nCuando navega a trav\u00e9s de la p\u00e1gina web, el servidor de BLUE GREEN MEDICAL, S.L. , podr\u00e1<br \/>\nreconocer la cookie y proporcionar informaci\u00f3n sobre su \u00faltima visita. La mayor\u00eda de los<br \/>\nnavegadores aceptan la utilizaci\u00f3n de cookies de forma autom\u00e1tica, pero puede configurar su<br \/>\nnavegador para ser avisado en su pantalla de ordenador de la recepci\u00f3n de cookies y poder<br \/>\nimpedir su instalaci\u00f3n en su disco duro. Si quiere obtener m\u00e1s informaci\u00f3n sobre las cookies,<br \/>\npuede visitar nuestra pol\u00edtica de cookies.<\/p>\n<\/div><div class=\"fusion-text fusion-text-7\"><h3>PROPIEDAD INTELECTUAL E INDUSTRIAL<\/h3>\n<p>BLUE GREEN MEDICAL, S.L. por s\u00ed o como cesionaria, es titular de todos los derechos de<br \/>\npropiedad intelectual e industrial de su p\u00e1gina web, as\u00ed como de los elementos contenidos en<br \/>\nla misma (a t\u00edtulo enunciativo, im\u00e1genes, sonido, audio, v\u00eddeo, software o textos; marcas o<br \/>\nlogotipos, combinaciones de colores, estructura y dise\u00f1o, selecci\u00f3n de materiales usados,<br \/>\nprogramas de ordenador necesarios para su funcionamiento, acceso y uso, etc.), titularidad de<br \/>\nBLUE GREEN MEDICAL, S.L. o bien de sus licenciantes.<\/p>\n<p>Todos los derechos reservados. En virtud de lo dispuesto en los art\u00edculos 8 y 32.1, p\u00e1rrafo<br \/>\nsegundo, de la Ley de Propiedad Intelectual, quedan expresamente prohibidas la<br \/>\nreproducci\u00f3n, la distribuci\u00f3n y la comunicaci\u00f3n p\u00fablica, incluida su modalidad de puesta a<br \/>\ndisposici\u00f3n, de la totalidad o parte de los contenidos de esta p\u00e1gina web, con fines<br \/>\ncomerciales, en cualquier soporte y por cualquier medio t\u00e9cnico, sin la autorizaci\u00f3n de BLUE<br \/>\nGREEN MEDICAL, S.L. . El USUARIO se compromete a respetar los derechos de Propiedad<br \/>\nIntelectual e Industrial titularidad de BLUE GREEN MEDICAL, S.L. . Podr\u00e1 visualizar los<br \/>\nelementos del portal e incluso imprimirlos, copiarlos y almacenarlos en el disco duro de su<br \/>\nordenador o en cualquier otro soporte f\u00edsico siempre y cuando sea, \u00fanica y exclusivamente,<br \/>\npara su uso personal y privado. El USUARIO deber\u00e1 abstenerse de suprimir, alterar, eludir o<br \/>\nmanipular cualquier dispositivo de protecci\u00f3n o sistema de seguridad que estuviera instalado<br \/>\nen las p\u00e1ginas de BLUE GREEN MEDICAL, S.L.<\/p>\n<\/div><div class=\"fusion-text fusion-text-8\"><h3>EXCLUSI\u00d3N DE GARANT\u00cdAS Y RESPONSABILIDAD<\/h3>\n<p>BLUE GREEN MEDICAL, S.L. no se hace responsable, en ning\u00fan caso, de los da\u00f1os y perjuicios<br \/>\nde cualquier naturaleza que pudieran ocasionar, a t\u00edtulo enunciativo: errores u omisiones en<br \/>\nlos contenidos, falta de disponibilidad del portal o la transmisi\u00f3n de virus o programas<br \/>\nmaliciosos o lesivos en los contenidos, a pesar de haber adoptado todas las medidas<br \/>\ntecnol\u00f3gicas necesarias para evitarlo.<\/p>\n<\/div><div class=\"fusion-text fusion-text-9\"><h3>MODIFICACIONES<\/h3>\n<p>BLUE GREEN MEDICAL, S.L. se reserva el derecho de efectuar sin previo aviso las<br \/>\nmodificaciones que considere oportunas en su portal, pudiendo cambiar, suprimir o a\u00f1adir<br \/>\ntanto los contenidos y servicios que se presten a trav\u00e9s de la misma como la forma en la que<br \/>\n\u00e9stos aparezcan presentados o localizados en su portal.<\/p>\n<\/div><div class=\"fusion-text fusion-text-10\"><h3>ENLACES<\/h3>\n<p>En el caso de que en www.bluegreenmedical.com se dispusiesen enlaces o hiperv\u00ednculos hac\u00eda<br \/>\notros sitios de Internet, BLUE GREEN MEDICAL, S.L. no ejercer\u00e1 ning\u00fan tipo de control sobre<br \/>\ndichos sitios y contenidos. En ning\u00fan caso BLUE GREEN MEDICAL, S.L. asumir\u00e1<br \/>\nresponsabilidad alguna por los contenidos de alg\u00fan enlace perteneciente a un sitio web ajeno,<br \/>\nni garantizar\u00e1 la disponibilidad t\u00e9cnica, calidad, fiabilidad, exactitud, amplitud, veracidad,<br \/>\nvalidez y constitucionalidad de cualquier material o informaci\u00f3n contenida en ninguno de<br \/>\ndichos hiperv\u00ednculos u otros sitios de Internet.<\/p>\n<p>Igualmente, la inclusi\u00f3n de estas conexiones externas no implicar\u00e1 ning\u00fan tipo de asociaci\u00f3n,<br \/>\nfusi\u00f3n o participaci\u00f3n con las entidades conectadas.<\/p>\n<\/div><div class=\"fusion-text fusion-text-11\"><h3>DERECHO DE EXCLUSI\u00d3N<\/h3>\n<p>BLUE GREEN MEDICAL, S.L. se reserva el derecho a denegar o retirar el acceso a portal y\/o los<br \/>\nservicios ofrecidos sin necesidad de preaviso, a instancia propia o de un tercero, a aquellos<br \/>\nusuarios que incumplan las presentes Condiciones Generales de Uso.<\/p>\n<\/div><div class=\"fusion-text fusion-text-12\"><h3>LEGISLACI\u00d3N APLICABLE Y JURISDICCI\u00d3N<\/h3>\n<p>Las presentes condiciones est\u00e1n redactadas en espa\u00f1ol, y se encuentran sometidas a la<br \/>\nlegislaci\u00f3n espa\u00f1ola vigente. Para cualquier tipo de controversia derivada de la utilizaci\u00f3n de<br \/>\nlos servicios ofrecidos o de los contenidos propios del portal, las partes, se someten a los<br \/>\nTribunales que resulten competentes de conformidad con la legislaci\u00f3n vigente.<\/p>\n<\/div><\/div><\/div><\/div><\/div>\n","protected":false},"excerpt":{"rendered":"","protected":false},"author":140,"featured_media":0,"parent":0,"menu_order":0,"comment_status":"closed","ping_status":"closed","template":"100-width.php","meta":{"_glsr_average":0,"_glsr_ranking":0,"_glsr_reviews":0,"footnotes":""},"class_list":["post-3267","page","type-page","status-publish","hentry"],"_links":{"self":[{"href":"https:\/\/www.bluegreenmedical.com\/es\/wp-json\/wp\/v2\/pages\/3267","targetHints":{"allow":["GET"]}}],"collection":[{"href":"https:\/\/www.bluegreenmedical.com\/es\/wp-json\/wp\/v2\/pages"}],"about":[{"href":"https:\/\/www.bluegreenmedical.com\/es\/wp-json\/wp\/v2\/types\/page"}],"author":[{"embeddable":true,"href":"https:\/\/www.bluegreenmedical.com\/es\/wp-json\/wp\/v2\/users\/140"}],"replies":[{"embeddable":true,"href":"https:\/\/www.bluegreenmedical.com\/es\/wp-json\/wp\/v2\/comments?post=3267"}],"version-history":[{"count":0,"href":"https:\/\/www.bluegreenmedical.com\/es\/wp-json\/wp\/v2\/pages\/3267\/revisions"}],"wp:attachment":[{"href":"https:\/\/www.bluegreenmedical.com\/es\/wp-json\/wp\/v2\/media?parent=3267"}],"curies":[{"name":"wp","href":"https:\/\/api.w.org\/{rel}","templated":true}]}}