{"id":3396,"date":"2022-05-02T17:03:56","date_gmt":"2022-05-02T15:03:56","guid":{"rendered":"https:\/\/www.bluegreenmedical.com\/privacy-policy\/"},"modified":"2022-05-05T16:23:39","modified_gmt":"2022-05-05T14:23:39","slug":"privacy-policy","status":"publish","type":"page","link":"https:\/\/www.bluegreenmedical.com\/es\/privacy-policy\/","title":{"rendered":"Pol\u00edtica de Privacidad"},"content":{"rendered":"<div class=\"fusion-fullwidth fullwidth-box fusion-builder-row-1 fusion-flex-container nonhundred-percent-fullwidth non-hundred-percent-height-scrolling\" style=\"--awb-border-radius-top-left:0px;--awb-border-radius-top-right:0px;--awb-border-radius-bottom-right:0px;--awb-border-radius-bottom-left:0px;--awb-padding-top:80px;--awb-padding-bottom:50px;--awb-padding-right-medium:43px;--awb-padding-left-medium:43px;--awb-padding-right-small:15px;--awb-padding-left-small:15px;--awb-flex-wrap:wrap;\" ><div class=\"fusion-builder-row fusion-row fusion-flex-align-items-flex-start fusion-flex-content-wrap\" style=\"max-width:1144px;margin-left: calc(-4% \/ 2 );margin-right: calc(-4% \/ 2 );\"><div class=\"fusion-layout-column fusion_builder_column fusion-builder-column-0 fusion_builder_column_1_1 1_1 fusion-flex-column\" style=\"--awb-bg-size:cover;--awb-width-large:100%;--awb-margin-top-large:0px;--awb-spacing-right-large:1.92%;--awb-margin-bottom-large:0px;--awb-spacing-left-large:1.92%;--awb-width-medium:100%;--awb-spacing-right-medium:1.92%;--awb-spacing-left-medium:1.92%;--awb-width-small:100%;--awb-spacing-right-small:1.92%;--awb-spacing-left-small:1.92%;\"><div class=\"fusion-column-wrapper fusion-flex-justify-content-flex-start fusion-content-layout-column\"><div class=\"fusion-text fusion-text-1\"><h2>\u00cdNDICE<\/h2>\n<\/div><ul style=\"--awb-line-height:27.2px;--awb-icon-width:27.2px;--awb-icon-height:27.2px;--awb-icon-margin:11.2px;--awb-content-margin:38.4px;\" class=\"fusion-checklist fusion-checklist-1 fusion-checklist-default type-icons\"><li class=\"fusion-li-item\" style=\"\"><span class=\"icon-wrapper circle-no\"><i class=\"fusion-li-icon awb-icon-check\" aria-hidden=\"true\"><\/i><\/span><div class=\"fusion-li-item-content\">Regulaciones legales<\/div><\/li><li class=\"fusion-li-item\" style=\"\"><span class=\"icon-wrapper circle-no\"><i class=\"fusion-li-icon awb-icon-check\" aria-hidden=\"true\"><\/i><\/span><div class=\"fusion-li-item-content\">Responsable del tratamiento de sus datos personales<\/div><\/li><li class=\"fusion-li-item\" style=\"\"><span class=\"icon-wrapper circle-no\"><i class=\"fusion-li-icon awb-icon-check\" aria-hidden=\"true\"><\/i><\/span><div class=\"fusion-li-item-content\">Datos que se tratan<\/div><\/li><li class=\"fusion-li-item\" style=\"\"><span class=\"icon-wrapper circle-no\"><i class=\"fusion-li-icon awb-icon-check\" aria-hidden=\"true\"><\/i><\/span><div class=\"fusion-li-item-content\">Finalidad con la que se tratan<\/div><\/li><li class=\"fusion-li-item\" style=\"\"><span class=\"icon-wrapper circle-no\"><i class=\"fusion-li-icon awb-icon-check\" aria-hidden=\"true\"><\/i><\/span><div class=\"fusion-li-item-content\">Legitimaci\u00f3n para el tratamiento de datos<\/div><\/li><li class=\"fusion-li-item\" style=\"\"><span class=\"icon-wrapper circle-no\"><i class=\"fusion-li-icon awb-icon-check\" aria-hidden=\"true\"><\/i><\/span><div class=\"fusion-li-item-content\">Limitaci\u00f3n temporal del tratamiento de sus datos<\/div><\/li><li class=\"fusion-li-item\" style=\"\"><span class=\"icon-wrapper circle-no\"><i class=\"fusion-li-icon awb-icon-check\" aria-hidden=\"true\"><\/i><\/span><div class=\"fusion-li-item-content\">Destinatarios a los que se ceden sus datos<\/div><\/li><li class=\"fusion-li-item\" style=\"\"><span class=\"icon-wrapper circle-no\"><i class=\"fusion-li-icon awb-icon-check\" aria-hidden=\"true\"><\/i><\/span><div class=\"fusion-li-item-content\">Secreto y seguridad de los datos<\/div><\/li><li class=\"fusion-li-item\" style=\"\"><span class=\"icon-wrapper circle-no\"><i class=\"fusion-li-icon awb-icon-check\" aria-hidden=\"true\"><\/i><\/span><div class=\"fusion-li-item-content\">Derechos en el tratamiento de sus datos<\/div><\/li><li class=\"fusion-li-item\" style=\"\"><span class=\"icon-wrapper circle-no\"><i class=\"fusion-li-icon awb-icon-check\" aria-hidden=\"true\"><\/i><\/span><div class=\"fusion-li-item-content\">Aceptaci\u00f3n y consentimiento<\/div><\/li><\/ul><div class=\"fusion-text fusion-text-2\"><h3>Regulaciones legales<\/h3>\n<p>La empresa BLUE GREEN MEDICAL, S.L. (en adelante BLUE GREEN MEDICAL, S.L. ) con CIF B54827902<br \/>\nva a tratar sus datos en disposici\u00f3n del Reglamento (UE) 2016\/679 del<br \/>\nParlamento Europeo y del Consejo, de 27 de abril de 2016, relativo a la protecci\u00f3n de las<br \/>\npersonas f\u00edsicas en lo que respecta al tratamiento de datos personales y a la libre circulaci\u00f3n<br \/>\nde estos datos.<\/p>\n<\/div><div class=\"fusion-text fusion-text-3\"><h3>Responsable del tratamiento de sus datos personales<\/h3>\n<ul>\n<li>Nombre comercial:\u00a0 BLUE GREEN MEDICAL, S.L.<\/li>\n<li>NIF\/CIF: B54827902<\/li>\n<li>Direcci\u00f3n:\u00a0C\/ Cruz de Piedra, 8 CP 03015 Alicante (Spain)<\/li>\n<li>Correo electr\u00f3nico: <a href=\"mailto:privacy@bluegreenmedical.com\" target=\"_blank\" rel=\"noopener\">privacy@bluegreenmedical.com<\/a><\/li>\n<\/ul>\n<\/div><div class=\"fusion-text fusion-text-4\"><h3>Datos que se tratan<\/h3>\n<p>A trav\u00e9s del formulario de env\u00edo del apartado candidatura de la p\u00e1gina web, se recoge la<br \/>\nsiguiente informaci\u00f3n, que ser\u00e1 tratada de acuerdo al Reglamento General de Protecci\u00f3n de<br \/>\nDatos de Car\u00e1cter Personal 2016\/679:<br \/>\n&#8211; Datos identificativos.<br \/>\n&#8211; Informaci\u00f3n de contacto.<br \/>\n&#8211; Datos acad\u00e9micos.<br \/>\n&#8211; Datos laborales.<\/p>\n<\/div><div class=\"fusion-text fusion-text-5\"><h3>Finalidad con la que se tratan<\/h3>\n<p>En BLUE GREEN MEDICAL, S.L. utilizamos sus datos de car\u00e1cter personal para gestionar las<br \/>\ncandidaturas recibidas por los candidatos en orden a la eventual realizaci\u00f3n de entrevistas<br \/>\nlaborales con los mismos a efectos de su posible incorporaci\u00f3n a la organizaci\u00f3n<\/p>\n<\/div><div class=\"fusion-text fusion-text-6\"><h3>Legitimaci\u00f3n para el tratamiento de datos<\/h3>\n<p>La base legal para el tratamiento de sus datos es\u00a0el consentimiento de los interesados. Para<br \/>\nenviar informaci\u00f3n de car\u00e1cter personal a trav\u00e9s de esta web se requiere el consentimiento<br \/>\ncon esta pol\u00edtica de privacidad.<\/p>\n<\/div><div class=\"fusion-text fusion-text-7\"><h3>Limitaci\u00f3n temporal del tratamiento de sus datos<\/h3>\n<p>Sus datos personales ser\u00e1n destruidos tras el periodo de dos a\u00f1os, de acuerdo con la pol\u00edtica<br \/>\nde retenci\u00f3n de datos del Reglamento General de Protecci\u00f3n de Datos de Car\u00e1cter Personal<br \/>\n2016\/679.<\/p>\n<p>Si usted quisiera limitar el periodo de tiempo en que se tratan sus datos personales, deber\u00e1<br \/>\nejercer sus derechos tal y como se indica m\u00e1s adelante.<\/p>\n<\/div><div class=\"fusion-text fusion-text-8\"><h3>Destinatarios a los que se ceden sus datos<\/h3>\n<p>Salvo requerimiento legal, no cederemos sus datos para ning\u00fan cometido diferente del que se<br \/>\nle haya informado. No se prev\u00e9n transferencias internacionales de sus datos. En caso de que se<br \/>\nfuesen a realizar en un futuro, se le informar\u00e1 de dicho hecho. Sus datos se pueden ceder al<br \/>\ngrupo de empresas con la finalidad previamente indicada.<\/p>\n<\/div><div class=\"fusion-text fusion-text-9\"><h3>Secreto y seguridad de los datos<\/h3>\n<p>BLUE GREEN MEDICAL, S.L. se compromete en el uso y tratamiento de los datos personales<br \/>\nincluidos de los usuarios, respetando su confidencialidad y a utilizarlos de acuerdo con la<br \/>\nfinalidad de los mismos, as\u00ed como a dar cumplimiento a su obligaci\u00f3n de guardarlos y adaptar<br \/>\ntodas las medidas para evitar la alteraci\u00f3n, p\u00e9rdida, tratamiento o acceso no autorizado, de<br \/>\nconformidad con lo establecido en la normativa vigente de protecci\u00f3n de datos.<br \/>\n<a href=\"http:\/\/www.bluegreenmedical.com\">www.bluegreenmedical.com<\/a> no puede garantizar la absoluta seguridad contra la violaci\u00f3n de<br \/>\nlos datos mediante accesos fraudulentos a ellos por parte de terceros.<\/p>\n<\/div><div class=\"fusion-text fusion-text-10\"><h3>Derechos en el tratamiento de sus datos<\/h3>\n<p>Usted tiene derecho a obtener confirmaci\u00f3n sobre si en BLUE GREEN MEDICAL, S.L. se est\u00e1n<br \/>\ntratando datos personales que les conciernan, o no.<br \/>\nUsted, como interesado, tiene derecho a acceder a sus datos personales, as\u00ed como a solicitar la<br \/>\nrectificaci\u00f3n de los datos inexactos o, en su caso, solicitar su supresi\u00f3n cuando, entre otros<br \/>\nmotivos, los datos ya no sean necesarios para los fines que fueron recogidos.<br \/>\nEn determinadas circunstancias, usted podr\u00e1 solicitar la limitaci\u00f3n del tratamiento de sus<br \/>\ndatos, en cuyo caso \u00fanicamente los conservaremos para el ejercicio o la defensa de<br \/>\nreclamaciones.<br \/>\nEn determinadas circunstancias y por motivos relacionados con su situaci\u00f3n particular, usted<br \/>\npodr\u00e1 oponerse al tratamiento de sus datos. En tal caso, dejaremos de tratar los datos, salvo<br \/>\npor motivos leg\u00edtimos imperiosos, o el ejercicio o la defensa de posibles reclamaciones.<br \/>\nUsted tendr\u00e1 derecho a la portabilidad, es decir, a que los datos personales que hubiera<br \/>\nfacilitado, se transmitan directamente a otro responsable en formato estructurado, de uso<br \/>\ncom\u00fan y lectura mec\u00e1nica, cuando t\u00e9cnicamente fuera posible.<br \/>\nPodr\u00e1 ejercitar sus derechos o hacer cualquier reclamaci\u00f3n sobre c\u00f3mo hemos tratado sus<br \/>\ndatos personales enviando un correo electr\u00f3nico a privacy@bluegreenmedical.com<br \/>\nSi aun as\u00ed usted considerara que sus datos personales no han sido tratados apropiadamente de<br \/>\nacuerdo con la ley, puede presentar una reclamaci\u00f3n a la autoridad de protecci\u00f3n de datos<br \/>\nque corresponda, siendo la Agencia Espa\u00f1ola de Protecci\u00f3n de Datos la indicada en el caso de<br \/>\nterritorio espa\u00f1ol.<\/p>\n<\/div><div class=\"fusion-text fusion-text-11\"><h3>Aceptaci\u00f3n y consentimiento<\/h3>\n<p>Usted declara haber sido informado de las condiciones sobre protecci\u00f3n de datos de car\u00e1cter<br \/>\npersonal, aceptando y consintiendo el tratamiento de los mismos por parte de<br \/>\n<a href=\"http:\/\/www.bluegreenmedical.com\">www.bluegreenmedical.com<\/a> en la forma y para las finalidades indicadas en esta pol\u00edtica de<br \/>\nprivacidad.<br \/>\nBLUE GREEN MEDICAL, S.L. se reserva el derecho a modificar la presente pol\u00edtica para<br \/>\nadaptarla a novedades legislativas o jurisprudenciales, as\u00ed como a pr\u00e1cticas de la industria. En<br \/>\ndichos supuestos, BLUE GREEN MEDICAL, S.L. anunciar\u00e1 en esta p\u00e1gina los cambios<br \/>\nintroducidos con razonable antelaci\u00f3n a su puesta en pr\u00e1ctica.<\/p>\n<\/div><\/div><\/div><\/div><\/div>\n","protected":false},"excerpt":{"rendered":"","protected":false},"author":140,"featured_media":0,"parent":0,"menu_order":0,"comment_status":"closed","ping_status":"closed","template":"100-width.php","meta":{"_glsr_average":0,"_glsr_ranking":0,"_glsr_reviews":0,"footnotes":""},"class_list":["post-3396","page","type-page","status-publish","hentry"],"_links":{"self":[{"href":"https:\/\/www.bluegreenmedical.com\/es\/wp-json\/wp\/v2\/pages\/3396","targetHints":{"allow":["GET"]}}],"collection":[{"href":"https:\/\/www.bluegreenmedical.com\/es\/wp-json\/wp\/v2\/pages"}],"about":[{"href":"https:\/\/www.bluegreenmedical.com\/es\/wp-json\/wp\/v2\/types\/page"}],"author":[{"embeddable":true,"href":"https:\/\/www.bluegreenmedical.com\/es\/wp-json\/wp\/v2\/users\/140"}],"replies":[{"embeddable":true,"href":"https:\/\/www.bluegreenmedical.com\/es\/wp-json\/wp\/v2\/comments?post=3396"}],"version-history":[{"count":0,"href":"https:\/\/www.bluegreenmedical.com\/es\/wp-json\/wp\/v2\/pages\/3396\/revisions"}],"wp:attachment":[{"href":"https:\/\/www.bluegreenmedical.com\/es\/wp-json\/wp\/v2\/media?parent=3396"}],"curies":[{"name":"wp","href":"https:\/\/api.w.org\/{rel}","templated":true}]}}