{"id":3512,"date":"2022-05-04T17:35:07","date_gmt":"2022-05-04T15:35:07","guid":{"rendered":"https:\/\/www.bluegreenmedical.com\/color-eye-tattoo\/"},"modified":"2022-05-04T17:35:07","modified_gmt":"2022-05-04T15:35:07","slug":"color-eye-tattoo","status":"publish","type":"page","link":"https:\/\/www.bluegreenmedical.com\/es\/color-eye-tattoo\/","title":{"rendered":"Color Eye Tattoo"},"content":{"rendered":"<p>Color Eye Tattoo is the website with the information for patients. Its mission is to show the benefits that the patients can have from keratopigmentation techniques both therapeutically and cosmetically. If you are a medical doctor or healthcare professional, please follow the Bluegreen website for more technical information.<\/p>\n<p>Para m\u00e1s informaci\u00f3n acerca de Color Eye Tattoo:\u00a0<a href=\"http:\/\/www.coloreyetattoo.com\" target=\"_blank\" rel=\"noopener\">http:\/\/www.coloreyetattoo.com<\/a><\/p>\n<p><strong>Quienes somos?<\/strong><\/p>\n<hr \/>\n<p>Somos un grupo de profesionales m\u00e9dicos que realizamos pigmentaci\u00f3n ocular con las t\u00e9cnicas m\u00e1s novedosas y seguras para nuestros pacientes desde 2002.<\/p>\n<p>Tenemos m\u00e1s de 12 a\u00f1os de experiencia en tatuajes corneales, combinando la aplicaci\u00f3n cl\u00ednica y la investigaci\u00f3n experimental para proporcionar a los pacientes la mejor alternativa terap\u00e9utica seg\u00fan sus necesidades.<\/p>\n<p align=\"JUSTIFY\"><strong><span lang=\"en\">What do we do<\/span><span lang=\"en\">?<\/span><\/strong><\/p>\n<hr \/>\n<p align=\"JUSTIFY\"><span lang=\"en\">Corneal<\/span> <span lang=\"en\">tattooing<\/span><span lang=\"en\">, also called <\/span><span lang=\"en\">keratopigmentation<\/span> <span lang=\"en\">is performed<\/span> <span lang=\"en\">to treat various<\/span> <span lang=\"en\">patient needs<\/span><span lang=\"en\">.<\/span><\/p>\n<p align=\"JUSTIFY\"><span lang=\"en\">There are various types of needs<\/span><span lang=\"en\">:<\/span><\/p>\n<ul>\n<li><span lang=\"en\">Therapeutic:<\/span>\u00a0<span lang=\"en\">In<\/span> <span lang=\"en\">opaque<\/span> <span lang=\"en\">corneas to<\/span> <span lang=\"en\">improve the quality of<\/span> <span lang=\"en\">life of patients<\/span> <span lang=\"en\">by<\/span> <span lang=\"en\">reproducing a healthy eye by means of a tattoo<\/span><span lang=\"en\">.<\/span><\/li>\n<li><span lang=\"en\">Functional:<\/span><span lang=\"en\">\u00a0<\/span><span lang=\"en\">In<\/span> <span lang=\"en\">diseases affecting<\/span> <span lang=\"en\">the anatomy of the<\/span> <span lang=\"en\">iris.<\/span><\/li>\n<li><span lang=\"en\">Purely<\/span> <span lang=\"en\">cosmetic:<\/span>\u00a0<span lang=\"en\">Eye colour<\/span> <span lang=\"en\">changes<\/span> <span lang=\"en\">for cosmetic purposes<\/span><span lang=\"en\">.<\/span><\/li>\n<\/ul>\n<p align=\"JUSTIFY\"><span lang=\"en\">The different<\/span> <span lang=\"en\">techniques we use<\/span> <span lang=\"en\">in each<\/span> <span lang=\"en\">patient depend<\/span> <span lang=\"en\">on the initial state<\/span> <span lang=\"en\">of the cornea (<\/span><span lang=\"en\">opacity) and the <\/span><span lang=\"en\">affectation of the iris<\/span><span lang=\"en\">. <\/span><span lang=\"en\">You can use<\/span> <span lang=\"en\">only one<\/span> <span lang=\"en\">technique or<\/span> <span lang=\"en\">a combination<\/span> <span lang=\"en\">of several techniques so as<\/span> <span lang=\"en\">to achieve<\/span> <span lang=\"en\">an optimal<\/span> <span lang=\"en\">cosmetic outcome<\/span><\/p>\n","protected":false},"excerpt":{"rendered":"<p>Color Eye Tattoo is the website with the information for patients. Its mission is to show the benefits that the <a href=\"https:\/\/www.bluegreenmedical.com\/es\/color-eye-tattoo\/\"> [&#8230;]<\/a><\/p>\n","protected":false},"author":140,"featured_media":0,"parent":0,"menu_order":0,"comment_status":"closed","ping_status":"closed","template":"","meta":{"_glsr_average":0,"_glsr_ranking":0,"_glsr_reviews":0,"footnotes":""},"class_list":["post-3512","page","type-page","status-publish","hentry"],"_links":{"self":[{"href":"https:\/\/www.bluegreenmedical.com\/es\/wp-json\/wp\/v2\/pages\/3512","targetHints":{"allow":["GET"]}}],"collection":[{"href":"https:\/\/www.bluegreenmedical.com\/es\/wp-json\/wp\/v2\/pages"}],"about":[{"href":"https:\/\/www.bluegreenmedical.com\/es\/wp-json\/wp\/v2\/types\/page"}],"author":[{"embeddable":true,"href":"https:\/\/www.bluegreenmedical.com\/es\/wp-json\/wp\/v2\/users\/140"}],"replies":[{"embeddable":true,"href":"https:\/\/www.bluegreenmedical.com\/es\/wp-json\/wp\/v2\/comments?post=3512"}],"version-history":[{"count":0,"href":"https:\/\/www.bluegreenmedical.com\/es\/wp-json\/wp\/v2\/pages\/3512\/revisions"}],"wp:attachment":[{"href":"https:\/\/www.bluegreenmedical.com\/es\/wp-json\/wp\/v2\/media?parent=3512"}],"curies":[{"name":"wp","href":"https:\/\/api.w.org\/{rel}","templated":true}]}}