{"id":3733,"date":"2025-05-13T15:58:03","date_gmt":"2025-05-13T13:58:03","guid":{"rendered":"https:\/\/www.bluegreenmedical.com\/?page_id=3733"},"modified":"2025-06-04T13:51:12","modified_gmt":"2025-06-04T11:51:12","slug":"accesibilidad","status":"publish","type":"page","link":"https:\/\/www.bluegreenmedical.com\/es\/accesibilidad\/","title":{"rendered":"Accesibilidad"},"content":{"rendered":"<div class=\"fusion-fullwidth fullwidth-box fusion-builder-row-1 fusion-flex-container has-pattern-background has-mask-background nonhundred-percent-fullwidth non-hundred-percent-height-scrolling\" style=\"--awb-border-radius-top-left:0px;--awb-border-radius-top-right:0px;--awb-border-radius-bottom-right:0px;--awb-border-radius-bottom-left:0px;--awb-flex-wrap:wrap;\" ><div class=\"fusion-builder-row fusion-row fusion-flex-align-items-flex-start fusion-flex-content-wrap\" style=\"max-width:1144px;margin-left: calc(-4% \/ 2 );margin-right: calc(-4% \/ 2 );\"><div class=\"fusion-layout-column fusion_builder_column fusion-builder-column-0 fusion_builder_column_1_1 1_1 fusion-flex-column\" style=\"--awb-padding-top:46px;--awb-padding-right:23px;--awb-padding-bottom:92px;--awb-padding-left:19px;--awb-bg-size:cover;--awb-width-large:100%;--awb-margin-top-large:0px;--awb-spacing-right-large:1.92%;--awb-margin-bottom-large:0px;--awb-spacing-left-large:1.92%;--awb-width-medium:100%;--awb-order-medium:0;--awb-spacing-right-medium:1.92%;--awb-spacing-left-medium:1.92%;--awb-width-small:100%;--awb-order-small:0;--awb-spacing-right-small:1.92%;--awb-spacing-left-small:1.92%;\"><div class=\"fusion-column-wrapper fusion-column-has-shadow fusion-flex-justify-content-flex-start fusion-content-layout-column\"><div class=\"fusion-title title fusion-title-1 fusion-sep-none fusion-title-center fusion-title-text fusion-title-size-one\" style=\"--awb-margin-bottom:30px;\"><h1 class=\"fusion-title-heading title-heading-center fusion-responsive-typography-calculated\" style=\"margin:0;--fontSize:48;line-height:1;\">Accesibilidad<\/h1><\/div><div class=\"fusion-text fusion-text-1\"><h2>Declaraci\u00f3n de Accesibilidad<\/h2>\n<p>La web www.bluegreenmedical.com se ha comprometido a hacer accesible su sitio web de conformidad con el <a href=\"http:\/\/www.boe.es\/diario_boe\/txt.php?id=BOE-A-2018-12699\" rel=\"noopener\">Real Decreto 1112\/2018, de 7 de septiembre, sobre accesibilidad de los sitios web y aplicaciones para dispositivos m\u00f3viles del sector p\u00fablico<\/a>.<\/p>\n<p>La presente declaraci\u00f3n de accesibilidad se aplica al sitio web www.bluegreenmedical.com<\/p>\n<p>En Bluegreen Medical queremos que todas las personas, independientemente de su condici\u00f3n f\u00edsica o entorno, puedan navegar por las p\u00e1ginas de nuestro sitio sin encontrar dificultades de acceso.<\/p>\n<p>Por eso tratamos de cumplir las Pautas de Accesibilidad al Contenido en la Web establecidas por el W3C (Consorcio de la World Wide Web), y parar ello algunas de las caracter\u00edsticas de accesibilidad de la web son:<\/p>\n<ul>\n<li>Existe una separaci\u00f3n clara entre contenidos y presentaci\u00f3n.<\/li>\n<li>Las caracter\u00edsticas visuales de nuestra web (tipo de letra, color de fuente y fondo, etc.) se definen mediante hoja de estilos  para que para que el usuario pueda ajustar el texto a sus preferencias desde las opciones del navegador.<\/li>\n<li>El marcado es estructural y sem\u00e1ntico lo que permite una adecuada navegaci\u00f3n.<\/li>\n<li>No emplea c\u00f3digos desaconsejados por la W3C, permitiendo a las herramientas de apoyo que interpreten y expongan correctamente el contenido y su contexto a los usuarios que las utilizan.<\/li>\n<li>El c\u00f3digo HTML y CSS empleado se ajusta a las gram\u00e1ticas formales para garantizar la correcta visualizaci\u00f3n de los contenidos en distintos navegadores.<\/li>\n<li>Procuramos que el contraste entre el contenido y el fondo sea al menos el m\u00ednimo requerido, garantizando que puedan ser distinguidos por todos usuarios.<\/li>\n<\/ul>\n<p>Si quiere hacernos alguna sugerencia sobre la accesibilidad y\/o est\u00e1ndares utilizados en este sitio, puede comunic\u00e1rnoslo a trav\u00e9s de nuestro formulario de contacto, le invitamos a ayudarnos a hacer de esta web un lugar cada vez m\u00e1s accesible.<\/p>\n<p>\u00daltima revisi\u00f3n de la declaraci\u00f3n: 13 de mayo 2025.<\/p>\n<\/div><\/div><\/div><\/div><\/div>\n","protected":false},"excerpt":{"rendered":"","protected":false},"author":140,"featured_media":0,"parent":0,"menu_order":0,"comment_status":"closed","ping_status":"closed","template":"","meta":{"_glsr_average":0,"_glsr_ranking":0,"_glsr_reviews":0,"footnotes":""},"class_list":["post-3733","page","type-page","status-publish","hentry"],"_links":{"self":[{"href":"https:\/\/www.bluegreenmedical.com\/es\/wp-json\/wp\/v2\/pages\/3733","targetHints":{"allow":["GET"]}}],"collection":[{"href":"https:\/\/www.bluegreenmedical.com\/es\/wp-json\/wp\/v2\/pages"}],"about":[{"href":"https:\/\/www.bluegreenmedical.com\/es\/wp-json\/wp\/v2\/types\/page"}],"author":[{"embeddable":true,"href":"https:\/\/www.bluegreenmedical.com\/es\/wp-json\/wp\/v2\/users\/140"}],"replies":[{"embeddable":true,"href":"https:\/\/www.bluegreenmedical.com\/es\/wp-json\/wp\/v2\/comments?post=3733"}],"version-history":[{"count":0,"href":"https:\/\/www.bluegreenmedical.com\/es\/wp-json\/wp\/v2\/pages\/3733\/revisions"}],"wp:attachment":[{"href":"https:\/\/www.bluegreenmedical.com\/es\/wp-json\/wp\/v2\/media?parent=3733"}],"curies":[{"name":"wp","href":"https:\/\/api.w.org\/{rel}","templated":true}]}}